{"id":57,"date":"2026-02-24T12:45:16","date_gmt":"2026-02-24T15:45:16","guid":{"rendered":"https:\/\/cart.teicdn.com\/?post_type=product&#038;p=57"},"modified":"2026-03-09T17:43:55","modified_gmt":"2026-03-09T20:43:55","slug":"tv-samsung-85-tizen","status":"publish","type":"product","link":"https:\/\/cart.teicdn.com\/index.php\/product\/tv-samsung-85-tizen\/","title":{"rendered":"TV Samsung 85&#8243; Tizen"},"content":{"rendered":"<p>Muy poco uso. Con pie (faltan los tornillos) y soporte de pared.<\/p>\n<p>Modelo:\u00a0QN85Q70AAGCZB<\/p>\n<div class=\"pdd32-product-spec__headline-wrap\">\n<h2 class=\"pdd32-product-spec__headline\">Especificaciones<\/h2>\n<\/div>\n<div class=\"pdd32-product-spec__panel-wrap\">\n<div id=\"tabPanelid\" class=\"pdd32-product-spec__panel pdd32-product-spec--active\">\n<div class=\"pdd32-product-spec__list pdd32-product-spec__list--expanded-all\">\n<div class=\"pdd32-product-spec__item pdd32-product-spec__item--overview pdd32-product-spec__item--active\">\n<div class=\"pdd32-product-spec__content-wrap\">\n<div class=\"pdd32-product-spec__content\">\n<ul class=\"pdd32-product-spec__content-list\" role=\"list\">\n<li class=\"pdd32-product-spec__content-item\" role=\"listitem\">\n<p class=\"pdd32-product-spec__content-item-title\">Serie<\/p>\n<p class=\"pdd32-product-spec__content-item-desc\">7<\/p>\n<\/li>\n<li class=\"pdd32-product-spec__content-item\" role=\"listitem\">\n<p class=\"pdd32-product-spec__content-item-title\">Tama\u00f1o<\/p>\n<p class=\"pdd32-product-spec__content-item-desc\">85&#8243;<\/p>\n<\/li>\n<li class=\"pdd32-product-spec__content-item\" role=\"listitem\">\n<p class=\"pdd32-product-spec__content-item-title\">Motor de im\u00e1genes<\/p>\n<p class=\"pdd32-product-spec__content-item-desc\">Quantum Processor 4K<\/p>\n<\/li>\n<li class=\"pdd32-product-spec__content-item\" role=\"listitem\">\n<p class=\"pdd32-product-spec__content-item-title\">Modo Pel\u00edculas<\/p>\n<p class=\"pdd32-product-spec__content-item-desc\">S\u00ed<\/p>\n<\/li>\n<\/ul>\n<\/div>\n<\/div>\n<\/div>\n<div class=\"pdd32-product-spec__item pdd32-product-spec__item--active\"><\/div>\n<div class=\"pdd32-product-spec__item pdd32-product-spec__item--active\">\n<div class=\"pdd32-product-spec__content-wrap\">\n<div class=\"pdd32-product-spec__content\"><\/div>\n<\/div>\n<\/div>\n<div class=\"pdd32-product-spec__item pdd32-product-spec__item--active\">\n<div class=\"pdd32-product-spec__content-wrap\">\n<div class=\"pdd32-product-spec__content\">\n<ul class=\"pdd32-product-spec__content-list\" role=\"list\">\n<li class=\"pdd32-product-spec__content-item\" role=\"listitem\">\n<p class=\"pdd32-product-spec__content-item-title\">HLG (Registro h\u00edbrido Gamma)<\/p>\n<p class=\"pdd32-product-spec__content-item-desc\">S\u00ed<\/p>\n<\/li>\n<li class=\"pdd32-product-spec__content-item\" role=\"listitem\">\n<p class=\"pdd32-product-spec__content-item-title\">Contraste<\/p>\n<p class=\"pdd32-product-spec__content-item-desc\">Mega Contrast<\/p>\n<\/li>\n<li class=\"pdd32-product-spec__content-item\" role=\"listitem\">\n<p class=\"pdd32-product-spec__content-item-title\">Color<\/p>\n<p class=\"pdd32-product-spec__content-item-desc\">100 % Colour Volume with Quantum Dot<\/p>\n<\/li>\n<li class=\"pdd32-product-spec__content-item\" role=\"listitem\">\n<p class=\"pdd32-product-spec__content-item-title\">\u00c1ngulo de visi\u00f3n<\/p>\n<p class=\"pdd32-product-spec__content-item-desc\">Wide Viewing Angle<\/p>\n<\/li>\n<li class=\"pdd32-product-spec__content-item\" role=\"listitem\">\n<p class=\"pdd32-product-spec__content-item-title\">Detecci\u00f3n de brillo y color<\/p>\n<p class=\"pdd32-product-spec__content-item-desc\">Brightness \/ Color Detection<\/p>\n<\/li>\n<li class=\"pdd32-product-spec__content-item\" role=\"listitem\">\n<p class=\"pdd32-product-spec__content-item-title\">Microatenuaci\u00f3n<\/p>\n<p class=\"pdd32-product-spec__content-item-desc\">Supreme UHD Dimming<\/p>\n<\/li>\n<li class=\"pdd32-product-spec__content-item\" role=\"listitem\">\n<p class=\"pdd32-product-spec__content-item-title\">Potenciador de Contraste<\/p>\n<p class=\"pdd32-product-spec__content-item-desc\">S\u00ed<\/p>\n<\/li>\n<li class=\"pdd32-product-spec__content-item\" role=\"listitem\">\n<p class=\"pdd32-product-spec__content-item-title\">Modo Film<\/p>\n<p class=\"pdd32-product-spec__content-item-desc\">S\u00ed<\/p>\n<\/li>\n<li class=\"pdd32-product-spec__content-item\" role=\"listitem\">\n<p class=\"pdd32-product-spec__content-item-title\">Soporte de modo natural<\/p>\n<p class=\"pdd32-product-spec__content-item-desc\">S\u00ed<\/p>\n<\/li>\n<\/ul>\n<\/div>\n<\/div>\n<\/div>\n<div class=\"pdd32-product-spec__item pdd32-product-spec__item--active\">\n<h3 class=\"pdd32-product-spec__title\"><button class=\"pdd32-product-spec__toggle-cta\" aria-expanded=\"false\">Audio<\/button><\/h3>\n<div class=\"pdd32-product-spec__content-wrap\">\n<div class=\"pdd32-product-spec__content\">\n<ul class=\"pdd32-product-spec__content-list\" role=\"list\">\n<li class=\"pdd32-product-spec__content-item\" role=\"listitem\">\n<p class=\"pdd32-product-spec__content-item-title\">Q-Symphony<\/p>\n<p class=\"pdd32-product-spec__content-item-desc\">Q-Symphony Lite<\/p>\n<\/li>\n<li class=\"pdd32-product-spec__content-item\" role=\"listitem\">\n<p class=\"pdd32-product-spec__content-item-title\">Audio Blutooth<\/p>\n<p class=\"pdd32-product-spec__content-item-desc\">S\u00ed<\/p>\n<\/li>\n<li class=\"pdd32-product-spec__content-item\" role=\"listitem\">\n<p class=\"pdd32-product-spec__content-item-title\">Sonido adaptativo<\/p>\n<p class=\"pdd32-product-spec__content-item-desc\">Adaptive Sound+<\/p>\n<\/li>\n<\/ul>\n<\/div>\n<\/div>\n<\/div>\n<div class=\"pdd32-product-spec__item pdd32-product-spec__item--active\">\n<h3 class=\"pdd32-product-spec__title\"><button class=\"pdd32-product-spec__toggle-cta\" aria-expanded=\"false\">Servicio Smart<\/button><\/h3>\n<div class=\"pdd32-product-spec__content-wrap\">\n<div class=\"pdd32-product-spec__content\">\n<ul class=\"pdd32-product-spec__content-list\" role=\"list\">\n<li class=\"pdd32-product-spec__content-item\" role=\"listitem\">\n<p class=\"pdd32-product-spec__content-item-title\">Sistema operativo<\/p>\n<p class=\"pdd32-product-spec__content-item-desc\">Tizen\u2122<\/p>\n<\/li>\n<li class=\"pdd32-product-spec__content-item\" role=\"listitem\">\n<p class=\"pdd32-product-spec__content-item-title\">Interacci\u00f3n de voz de campo lejano<\/p>\n<p class=\"pdd32-product-spec__content-item-desc\">S\u00ed<\/p>\n<\/li>\n<li class=\"pdd32-product-spec__content-item\" role=\"listitem\">\n<p class=\"pdd32-product-spec__content-item-title\">Navegador Web<\/p>\n<p class=\"pdd32-product-spec__content-item-desc\">S\u00ed<\/p>\n<\/li>\n<li class=\"pdd32-product-spec__content-item\" role=\"listitem\">\n<p class=\"pdd32-product-spec__content-item-title\">SmartThings App Support<\/p>\n<p class=\"pdd32-product-spec__content-item-desc\">S\u00ed<\/p>\n<\/li>\n<li class=\"pdd32-product-spec__content-item\" role=\"listitem\">\n<p class=\"pdd32-product-spec__content-item-title\">Galer\u00eda<\/p>\n<p class=\"pdd32-product-spec__content-item-desc\">S\u00ed<\/p>\n<\/li>\n<\/ul>\n<\/div>\n<\/div>\n<\/div>\n<div class=\"pdd32-product-spec__item pdd32-product-spec__item--active\">\n<h3 class=\"pdd32-product-spec__title\"><button class=\"pdd32-product-spec__toggle-cta\" aria-expanded=\"false\">Smart Feature<\/button><\/h3>\n<div class=\"pdd32-product-spec__content-wrap\">\n<div class=\"pdd32-product-spec__content\">\n<ul class=\"pdd32-product-spec__content-list\" role=\"list\">\n<li class=\"pdd32-product-spec__content-item\" role=\"listitem\">\n<p class=\"pdd32-product-spec__content-item-title\">TV a M\u00f3vil &#8211; Reflejo<\/p>\n<p class=\"pdd32-product-spec__content-item-desc\">S\u00ed<\/p>\n<\/li>\n<li class=\"pdd32-product-spec__content-item\" role=\"listitem\">\n<p class=\"pdd32-product-spec__content-item-title\">M\u00f3vil a TV &#8211; Espejo, DLNA<\/p>\n<p class=\"pdd32-product-spec__content-item-desc\">S\u00ed<\/p>\n<\/li>\n<li class=\"pdd32-product-spec__content-item\" role=\"listitem\">\n<p class=\"pdd32-product-spec__content-item-title\">TV Initiate Mirroring<\/p>\n<p class=\"pdd32-product-spec__content-item-desc\">S\u00ed<\/p>\n<\/li>\n<li class=\"pdd32-product-spec__content-item\" role=\"listitem\">\n<p class=\"pdd32-product-spec__content-item-title\">Sound Wall<\/p>\n<p class=\"pdd32-product-spec__content-item-desc\">S\u00ed<\/p>\n<\/li>\n<li class=\"pdd32-product-spec__content-item\" role=\"listitem\">\n<p class=\"pdd32-product-spec__content-item-title\">Soporta C\u00e1mara 360<\/p>\n<p class=\"pdd32-product-spec__content-item-desc\">S\u00ed<\/p>\n<\/li>\n<li class=\"pdd32-product-spec__content-item\" role=\"listitem\">\n<p class=\"pdd32-product-spec__content-item-title\">Ambient Mode<\/p>\n<p class=\"pdd32-product-spec__content-item-desc\">Ambient Mode+<\/p>\n<\/li>\n<li class=\"pdd32-product-spec__content-item\" role=\"listitem\">\n<p class=\"pdd32-product-spec__content-item-title\">Wireless Dex<\/p>\n<p class=\"pdd32-product-spec__content-item-desc\">S\u00ed<\/p>\n<\/li>\n<\/ul>\n<\/div>\n<\/div>\n<\/div>\n<div class=\"pdd32-product-spec__item pdd32-product-spec__item--active\">\n<h3 class=\"pdd32-product-spec__title\"><button class=\"pdd32-product-spec__toggle-cta\" aria-expanded=\"false\">Game Feature<\/button><\/h3>\n<div class=\"pdd32-product-spec__content-wrap\">\n<div class=\"pdd32-product-spec__content\">\n<ul class=\"pdd32-product-spec__content-list\" role=\"list\">\n<li class=\"pdd32-product-spec__content-item\" role=\"listitem\">\n<p class=\"pdd32-product-spec__content-item-title\">Game Motion Plus<\/p>\n<p class=\"pdd32-product-spec__content-item-desc\">S\u00ed<\/p>\n<\/li>\n<li class=\"pdd32-product-spec__content-item\" role=\"listitem\">\n<p class=\"pdd32-product-spec__content-item-title\">Game Bar<\/p>\n<p class=\"pdd32-product-spec__content-item-desc\">S\u00ed<\/p>\n<\/li>\n<li class=\"pdd32-product-spec__content-item\" role=\"listitem\">\n<p class=\"pdd32-product-spec__content-item-title\">FreeSync<\/p>\n<p class=\"pdd32-product-spec__content-item-desc\">FreeSync Premium Pro<\/p>\n<\/li>\n<\/ul>\n<\/div>\n<\/div>\n<\/div>\n<div class=\"pdd32-product-spec__item pdd32-product-spec__item--active\">\n<h3 class=\"pdd32-product-spec__title\"><button class=\"pdd32-product-spec__toggle-cta\" aria-expanded=\"false\">Sintonizador<\/button><\/h3>\n<div class=\"pdd32-product-spec__content-wrap\">\n<div class=\"pdd32-product-spec__content\">\n<ul class=\"pdd32-product-spec__content-list\" role=\"list\">\n<li class=\"pdd32-product-spec__content-item\" role=\"listitem\">\n<p class=\"pdd32-product-spec__content-item-title\">Soporte TV Key<\/p>\n<p class=\"pdd32-product-spec__content-item-desc\">S\u00ed<\/p>\n<\/li>\n<\/ul>\n<\/div>\n<\/div>\n<\/div>\n<div class=\"pdd32-product-spec__item pdd32-product-spec__item--active\">\n<h3 class=\"pdd32-product-spec__title\"><button class=\"pdd32-product-spec__toggle-cta\" aria-expanded=\"false\">Connectivity<\/button><\/h3>\n<div class=\"pdd32-product-spec__content-wrap\">\n<div class=\"pdd32-product-spec__content\">\n<ul class=\"pdd32-product-spec__content-list\" role=\"list\">\n<li class=\"pdd32-product-spec__content-item\" role=\"listitem\">\n<p class=\"pdd32-product-spec__content-item-title\">USB<\/p>\n<p class=\"pdd32-product-spec__content-item-desc\">2<\/p>\n<\/li>\n<li class=\"pdd32-product-spec__content-item\" role=\"listitem\">\n<p class=\"pdd32-product-spec__content-item-title\">Compuesto In (AV)<\/p>\n<p class=\"pdd32-product-spec__content-item-desc\">1<\/p>\n<\/li>\n<li class=\"pdd32-product-spec__content-item\" role=\"listitem\">\n<p class=\"pdd32-product-spec__content-item-title\">Salida de audio digital (\u00f3ptica)<\/p>\n<p class=\"pdd32-product-spec__content-item-desc\">1<\/p>\n<\/li>\n<li class=\"pdd32-product-spec__content-item\" role=\"listitem\">\n<p class=\"pdd32-product-spec__content-item-title\">eARC<\/p>\n<p class=\"pdd32-product-spec__content-item-desc\">S\u00ed<\/p>\n<\/li>\n<li class=\"pdd32-product-spec__content-item\" role=\"listitem\">\n<p class=\"pdd32-product-spec__content-item-title\">Wi-Fi<\/p>\n<p class=\"pdd32-product-spec__content-item-desc\">S\u00ed (WiFi5)<\/p>\n<\/li>\n<li class=\"pdd32-product-spec__content-item\" role=\"listitem\">\n<p class=\"pdd32-product-spec__content-item-title\">Anynet+ (HDMI-CEC)<\/p>\n<p class=\"pdd32-product-spec__content-item-desc\">S\u00ed<\/p>\n<\/li>\n<li class=\"pdd32-product-spec__content-item\" role=\"listitem\">\n<p class=\"pdd32-product-spec__content-item-title\">HDMI 2.1<\/p>\n<p class=\"pdd32-product-spec__content-item-desc\">S\u00ed<\/p>\n<\/li>\n<\/ul>\n<\/div>\n<\/div>\n<\/div>\n<div class=\"pdd32-product-spec__item pdd32-product-spec__item--active\">\n<h3 class=\"pdd32-product-spec__title\"><button class=\"pdd32-product-spec__toggle-cta\" aria-expanded=\"false\">Dise\u00f1o<\/button><\/h3>\n<div class=\"pdd32-product-spec__content-wrap\">\n<div class=\"pdd32-product-spec__content\">\n<ul class=\"pdd32-product-spec__content-list\" role=\"list\">\n<li class=\"pdd32-product-spec__content-item\" role=\"listitem\">\n<p class=\"pdd32-product-spec__content-item-title\">Dise\u00f1o<\/p>\n<p class=\"pdd32-product-spec__content-item-desc\">AirSlim<\/p>\n<\/li>\n<li class=\"pdd32-product-spec__content-item\" role=\"listitem\">\n<p class=\"pdd32-product-spec__content-item-title\">Color frontal<\/p>\n<p class=\"pdd32-product-spec__content-item-desc\">TITAN GRAY<\/p>\n<\/li>\n<\/ul>\n<\/div>\n<\/div>\n<\/div>\n<div class=\"pdd32-product-spec__item pdd32-product-spec__item--active\">\n<h3 class=\"pdd32-product-spec__title\"><button class=\"pdd32-product-spec__toggle-cta\" aria-expanded=\"false\">Caracter\u00edsticas Adicionales<\/button><\/h3>\n<div class=\"pdd32-product-spec__content-wrap\">\n<div class=\"pdd32-product-spec__content\">\n<ul class=\"pdd32-product-spec__content-list\" role=\"list\">\n<li class=\"pdd32-product-spec__content-item\" role=\"listitem\">\n<p class=\"pdd32-product-spec__content-item-title\">EPG<\/p>\n<p class=\"pdd32-product-spec__content-item-desc\">S\u00ed<\/p>\n<\/li>\n<li class=\"pdd32-product-spec__content-item\" role=\"listitem\">\n<p class=\"pdd32-product-spec__content-item-title\">Soporte MBR<\/p>\n<p class=\"pdd32-product-spec__content-item-desc\">S\u00ed<\/p>\n<\/li>\n<\/ul>\n<\/div>\n<\/div>\n<\/div>\n<div class=\"pdd32-product-spec__item pdd32-product-spec__item--active\">\n<h3 class=\"pdd32-product-spec__title\"><button class=\"pdd32-product-spec__toggle-cta\" aria-expanded=\"false\">Accesibilidad<\/button><\/h3>\n<div class=\"pdd32-product-spec__content-wrap\">\n<div class=\"pdd32-product-spec__content\">\n<ul class=\"pdd32-product-spec__content-list\" role=\"list\">\n<li class=\"pdd32-product-spec__content-item\" role=\"listitem\">\n<p class=\"pdd32-product-spec__content-item-title\">Accesibilidad &#8211; Gu\u00eda de Voz<\/p>\n<p class=\"pdd32-product-spec__content-item-desc\">US English, Brazilian Portuguese<\/p>\n<\/li>\n<li class=\"pdd32-product-spec__content-item\" role=\"listitem\">\n<p class=\"pdd32-product-spec__content-item-title\">Accesibilidad &#8211; Otros<\/p>\n<p class=\"pdd32-product-spec__content-item-desc\">Enlgarge \/ High Contrast \/ Multi-output Audio \/ SeeColors \/ Color Inversion \/ Grayscale \/ Sign Language Zoom \/ Slow Button Repeat<\/p>\n<\/li>\n<\/ul>\n<\/div>\n<\/div>\n<\/div>\n<div class=\"pdd32-product-spec__item pdd32-product-spec__item--active\">\n<h3 class=\"pdd32-product-spec__title\"><button class=\"pdd32-product-spec__toggle-cta\" aria-expanded=\"false\">Power &amp; Eco Solution<\/button><\/h3>\n<div class=\"pdd32-product-spec__content-wrap\">\n<div class=\"pdd32-product-spec__content\">\n<ul class=\"pdd32-product-spec__content-list\" role=\"list\">\n<li class=\"pdd32-product-spec__content-item\" role=\"listitem\">\n<p class=\"pdd32-product-spec__content-item-title\">Sensor ecol\u00f3gico<\/p>\n<p class=\"pdd32-product-spec__content-item-desc\">S\u00ed<\/p>\n<\/li>\n<li class=\"pdd32-product-spec__content-item\" role=\"listitem\">\n<p class=\"pdd32-product-spec__content-item-title\">Eficiencia energ\u00e9tica<\/p>\n<p class=\"pdd32-product-spec__content-item-desc\">C<\/p>\n<\/li>\n<li class=\"pdd32-product-spec__content-item\" role=\"listitem\">\n<p class=\"pdd32-product-spec__content-item-title\">Apagado autom\u00e1tico<\/p>\n<p class=\"pdd32-product-spec__content-item-desc\">S\u00ed<\/p>\n<\/li>\n<\/ul>\n<\/div>\n<\/div>\n<\/div>\n<div class=\"pdd32-product-spec__item pdd32-product-spec__item--active\">\n<h3 class=\"pdd32-product-spec__title\"><button class=\"pdd32-product-spec__toggle-cta\" aria-expanded=\"false\">Dimensiones<\/button><\/h3>\n<div class=\"pdd32-product-spec__content-wrap\">\n<div class=\"pdd32-product-spec__content\">\n<ul class=\"pdd32-product-spec__content-list\" role=\"list\">\n<li class=\"pdd32-product-spec__content-item\" role=\"listitem\">\n<p class=\"pdd32-product-spec__content-item-title\">Tama\u00f1o del paquete (ancho x alto x prof.)<\/p>\n<p class=\"pdd32-product-spec__content-item-desc\">2075 x 1266 x 251 mm<\/p>\n<\/li>\n<li class=\"pdd32-product-spec__content-item\" role=\"listitem\">\n<p class=\"pdd32-product-spec__content-item-title\">VESA Spec<\/p>\n<p class=\"pdd32-product-spec__content-item-desc\">600 x 400 mm<\/p>\n<\/li>\n<\/ul>\n<\/div>\n<\/div>\n<\/div>\n<div class=\"pdd32-product-spec__item pdd32-product-spec__item--active\">\n<h3 class=\"pdd32-product-spec__title\"><button class=\"pdd32-product-spec__toggle-cta\" aria-expanded=\"false\">Peso<\/button><\/h3>\n<div class=\"pdd32-product-spec__content-wrap\">\n<div class=\"pdd32-product-spec__content\">\n<ul class=\"pdd32-product-spec__content-list\" role=\"list\">\n<li class=\"pdd32-product-spec__content-item\" role=\"listitem\">\n<p class=\"pdd32-product-spec__content-item-title\">Peso del paquete<\/p>\n<p class=\"pdd32-product-spec__content-item-desc\">66 kg<\/p>\n<\/li>\n<li class=\"pdd32-product-spec__content-item\" role=\"listitem\">\n<p class=\"pdd32-product-spec__content-item-title\">Tama\u00f1o del conjunto con soporte<\/p>\n<p class=\"pdd32-product-spec__content-item-desc\">48.6 kg<\/p>\n<\/li>\n<li class=\"pdd32-product-spec__content-item\" role=\"listitem\">\n<p class=\"pdd32-product-spec__content-item-title\">Tama\u00f1o del conjunto sin soporte<\/p>\n<p class=\"pdd32-product-spec__content-item-desc\">41.5 kg<\/p>\n<\/li>\n<\/ul>\n<\/div>\n<\/div>\n<\/div>\n<div class=\"pdd32-product-spec__item pdd32-product-spec__item--active\">\n<h3 class=\"pdd32-product-spec__title\"><button class=\"pdd32-product-spec__toggle-cta\" aria-expanded=\"false\">Accesorios<\/button><\/h3>\n<div class=\"pdd32-product-spec__content-wrap\">\n<div class=\"pdd32-product-spec__content\">\n<ul class=\"pdd32-product-spec__content-list\" role=\"list\">\n<li class=\"pdd32-product-spec__content-item\" role=\"listitem\">\n<p class=\"pdd32-product-spec__content-item-title\">Samsung Smart Control (incluido)<\/p>\n<p class=\"pdd32-product-spec__content-item-desc\">S\u00ed<\/p>\n<\/li>\n<li class=\"pdd32-product-spec__content-item\" role=\"listitem\">\n<p class=\"pdd32-product-spec__content-item-title\">Cable de alimentaci\u00f3n<\/p>\n<p class=\"pdd32-product-spec__content-item-desc\">S\u00ed<\/p>\n<\/li>\n<\/ul>\n<\/div>\n<\/div>\n<\/div>\n<\/div>\n<\/div>\n<\/div>\n","protected":false},"excerpt":{"rendered":"<p>Muy poco uso. Con pie (faltan los tornillos) y soporte de pared. Modelo:\u00a0QN85Q70AAGCZB Especificaciones Serie 7 Tama\u00f1o 85&#8243; Motor de im\u00e1genes Quantum Processor 4K Modo Pel\u00edculas S\u00ed HLG (Registro h\u00edbrido Gamma) S\u00ed Contraste Mega Contrast Color 100 % Colour Volume with Quantum Dot \u00c1ngulo de visi\u00f3n Wide Viewing Angle Detecci\u00f3n de brillo y color Brightness [&hellip;]<\/p>\n","protected":false},"featured_media":196,"template":"","meta":[],"product_brand":[],"product_cat":[19],"product_tag":[],"class_list":{"0":"post-57","1":"product","2":"type-product","3":"status-publish","4":"has-post-thumbnail","6":"product_cat-of","8":"first","9":"instock","10":"shipping-taxable","11":"purchasable","12":"product-type-simple"},"_links":{"self":[{"href":"https:\/\/cart.teicdn.com\/index.php\/wp-json\/wp\/v2\/product\/57","targetHints":{"allow":["GET"]}}],"collection":[{"href":"https:\/\/cart.teicdn.com\/index.php\/wp-json\/wp\/v2\/product"}],"about":[{"href":"https:\/\/cart.teicdn.com\/index.php\/wp-json\/wp\/v2\/types\/product"}],"wp:featuredmedia":[{"embeddable":true,"href":"https:\/\/cart.teicdn.com\/index.php\/wp-json\/wp\/v2\/media\/196"}],"wp:attachment":[{"href":"https:\/\/cart.teicdn.com\/index.php\/wp-json\/wp\/v2\/media?parent=57"}],"wp:term":[{"taxonomy":"product_brand","embeddable":true,"href":"https:\/\/cart.teicdn.com\/index.php\/wp-json\/wp\/v2\/product_brand?post=57"},{"taxonomy":"product_cat","embeddable":true,"href":"https:\/\/cart.teicdn.com\/index.php\/wp-json\/wp\/v2\/product_cat?post=57"},{"taxonomy":"product_tag","embeddable":true,"href":"https:\/\/cart.teicdn.com\/index.php\/wp-json\/wp\/v2\/product_tag?post=57"}],"curies":[{"name":"wp","href":"https:\/\/api.w.org\/{rel}","templated":true}]}}